{"id":8352,"date":"2024-04-01T17:22:09","date_gmt":"2024-04-01T15:22:09","guid":{"rendered":"https:\/\/ateliersdemenilmontant.org\/?page_id=8352"},"modified":"2024-04-07T15:33:05","modified_gmt":"2024-04-07T13:33:05","slug":"modeles-vivants","status":"publish","type":"page","link":"https:\/\/ateliersdemenilmontant.org\/?page_id=8352","title":{"rendered":"Mod\u00e8les vivants"},"content":{"rendered":"\n<p><\/p>\n\n\n\n<p>QUOI\u00a0<strong>?<\/strong><\/p>\n\n\n\n<p>Atelier libre, sans professeur.<\/p>\n\n\n\n<p>Alternance de s\u00e9ances avec des poses courtes, et de s\u00e9ances avec des poses longues (dur\u00e9e de 30 minutes \u00e0 4&nbsp;heures pour la m\u00eame pose)<\/p>\n\n\n\n<p>Techniques possibles dans l\u2019atelier&nbsp;: croquis rapide, dessin, peinture, modelage, collage... Pas de peinture \u00e0 l\u2019huile, ni de s\u00e9ance photo. Tous les niveaux, tous les styles, sont bienvenus.<\/p>\n\n\n\n<p>Chacun vient avec son mat\u00e9riel, l\u2019atelier a quelques chevalets, des petites tables, des planches de formats divers, des petits chariots pour le modelage.<\/p>\n\n\n\n<p>Espace associatif&nbsp;: les artistes participent collectivement \u00e0 l\u2019installation, au rangement, au nettoyage...<\/p>\n\n\n\n<p><strong>QUAND&nbsp;?<\/strong><\/p>\n\n\n\n<p>1<sup>e<\/sup> et 3<sup>e<\/sup> mardi de chaque mois, 18h30-21h30 (2h avec le mod\u00e8le)<\/p>\n\n\n\n<p>S\u00e9ances ponctuelles le dimanche.<\/p>\n\n\n\n<p><strong>O\u00d9&nbsp;?<\/strong><\/p>\n\n\n\n<p>8 Rue Boyer 75020 Paris, galerie de l\u2019association des Artistes de M\u00e9nilmontant (entr\u00e9e sur rue)<\/p>\n\n\n\n<p><strong>COMBIEN&nbsp;?<\/strong><\/p>\n\n\n\n<p>S\u00e9ance de pose de 2h&nbsp;: 10\u20ac.<\/p>\n\n\n\n<p>Adh\u00e9sion \u00e0 l'association des Artistes de M\u00e9nilmontant&nbsp;: 30\u20ac pour 2024.<\/p>\n\n\n\n<p>Adh\u00e9sion \u00e0 l'atelier mod\u00e8le vivant : 10\u20ac.<\/p>\n\n\n\n<p><em>A r\u00e9gler \u00e0 l'association par ch\u00e8que ou esp\u00e8ces<\/em><em>.<\/em><\/p>\n\n\n\n<p><strong>INSCRIPTION et INFOS&nbsp;:<\/strong><\/p>\n\n\n\n<p>Les places \u00e9tant limit\u00e9es l'inscription est obligatoire par mail avant chaque atelier (inscription par ordre de r\u00e9servation)<\/p>\n\n\n\n<p><a href=\"mailto:menilmodele@gmail.com\">menilmodele@gmail.com<\/a> (Cliquer sur le lien)<\/p>\n","protected":false},"excerpt":{"rendered":"<p>QUOI\u00a0? Atelier libre, sans professeur. Alternance de s\u00e9ances avec des poses courtes, et de s\u00e9ances avec des poses longues (dur\u00e9e de 30 minutes \u00e0 4&nbsp;heures pour la m\u00eame pose) Techniques possibles dans l\u2019atelier&nbsp;: croquis rapide, dessin, peinture, modelage, collage... Pas de peinture \u00e0 l\u2019huile, ni de s\u00e9ance photo. Tous les niveaux, tous les styles, sont [&hellip;]<\/p>\n","protected":false},"author":75,"featured_media":0,"parent":0,"menu_order":0,"comment_status":"closed","ping_status":"closed","template":"","meta":{"advgb_blocks_editor_width":"","advgb_blocks_columns_visual_guide":"","footnotes":""},"activites":[],"acf":{"relation_location":""},"coauthors":[],"author_meta":{"author_link":"https:\/\/ateliersdemenilmontant.org\/?author=75","display_name":"Reynald Deroche"},"relative_dates":{"created":"Publi\u00e9 2 ans il y a","modified":"Mis \u00e0 jour 2 ans il y a"},"absolute_dates":{"created":"Publi\u00e9 le 1 avril 2024","modified":"Mise \u00e0 jour le 7 avril 2024"},"absolute_dates_time":{"created":"Publi\u00e9 le 1 avril 2024 17 h 22 min","modified":"Mise \u00e0 jour le 7 avril 2024 15 h 33 min"},"featured_img_caption":"","featured_img":false,"series_order":"","_links":{"self":[{"href":"https:\/\/ateliersdemenilmontant.org\/index.php?rest_route=\/wp\/v2\/pages\/8352"}],"collection":[{"href":"https:\/\/ateliersdemenilmontant.org\/index.php?rest_route=\/wp\/v2\/pages"}],"about":[{"href":"https:\/\/ateliersdemenilmontant.org\/index.php?rest_route=\/wp\/v2\/types\/page"}],"author":[{"embeddable":true,"href":"https:\/\/ateliersdemenilmontant.org\/index.php?rest_route=\/wp\/v2\/users\/75"}],"replies":[{"embeddable":true,"href":"https:\/\/ateliersdemenilmontant.org\/index.php?rest_route=%2Fwp%2Fv2%2Fcomments&post=8352"}],"version-history":[{"count":1,"href":"https:\/\/ateliersdemenilmontant.org\/index.php?rest_route=\/wp\/v2\/pages\/8352\/revisions"}],"predecessor-version":[{"id":8353,"href":"https:\/\/ateliersdemenilmontant.org\/index.php?rest_route=\/wp\/v2\/pages\/8352\/revisions\/8353"}],"wp:attachment":[{"href":"https:\/\/ateliersdemenilmontant.org\/index.php?rest_route=%2Fwp%2Fv2%2Fmedia&parent=8352"}],"wp:term":[{"taxonomy":"activites","embeddable":true,"href":"https:\/\/ateliersdemenilmontant.org\/index.php?rest_route=%2Fwp%2Fv2%2Factivites&post=8352"}],"curies":[{"name":"wp","href":"https:\/\/api.w.org\/{rel}","templated":true}]}}