{"id":6748,"date":"2019-08-28T08:08:16","date_gmt":"2019-08-28T06:08:16","guid":{"rendered":"https:\/\/ateliersdemenilmontant.org\/?page_id=6748"},"modified":"2021-07-16T17:33:12","modified_gmt":"2021-07-16T15:33:12","slug":"presse-2","status":"publish","type":"page","link":"https:\/\/ateliersdemenilmontant.org\/?page_id=6748","title":{"rendered":"presse 2021"},"content":{"rendered":"","protected":false},"excerpt":{"rendered":"","protected":false},"author":1,"featured_media":0,"parent":0,"menu_order":0,"comment_status":"closed","ping_status":"closed","template":"","meta":{"advgb_blocks_editor_width":"","advgb_blocks_columns_visual_guide":"","footnotes":""},"activites":[],"acf":{"relation_location":null},"coauthors":[],"author_meta":{"author_link":"https:\/\/ateliersdemenilmontant.org\/?author=1","display_name":"AdMwp1"},"relative_dates":{"created":"Publi\u00e9 7 ans il y a","modified":"Mis \u00e0 jour 5 ans il y a"},"absolute_dates":{"created":"Publi\u00e9 le 28 ao\u00fbt 2019","modified":"Mise \u00e0 jour le 16 juillet 2021"},"absolute_dates_time":{"created":"Publi\u00e9 le 28 ao\u00fbt 2019 8 h 08 min","modified":"Mise \u00e0 jour le 16 juillet 2021 17 h 33 min"},"featured_img_caption":"","featured_img":false,"series_order":"","_links":{"self":[{"href":"https:\/\/ateliersdemenilmontant.org\/index.php?rest_route=\/wp\/v2\/pages\/6748"}],"collection":[{"href":"https:\/\/ateliersdemenilmontant.org\/index.php?rest_route=\/wp\/v2\/pages"}],"about":[{"href":"https:\/\/ateliersdemenilmontant.org\/index.php?rest_route=\/wp\/v2\/types\/page"}],"author":[{"embeddable":true,"href":"https:\/\/ateliersdemenilmontant.org\/index.php?rest_route=\/wp\/v2\/users\/1"}],"replies":[{"embeddable":true,"href":"https:\/\/ateliersdemenilmontant.org\/index.php?rest_route=%2Fwp%2Fv2%2Fcomments&post=6748"}],"version-history":[{"count":11,"href":"https:\/\/ateliersdemenilmontant.org\/index.php?rest_route=\/wp\/v2\/pages\/6748\/revisions"}],"predecessor-version":[{"id":6774,"href":"https:\/\/ateliersdemenilmontant.org\/index.php?rest_route=\/wp\/v2\/pages\/6748\/revisions\/6774"}],"wp:attachment":[{"href":"https:\/\/ateliersdemenilmontant.org\/index.php?rest_route=%2Fwp%2Fv2%2Fmedia&parent=6748"}],"wp:term":[{"taxonomy":"activites","embeddable":true,"href":"https:\/\/ateliersdemenilmontant.org\/index.php?rest_route=%2Fwp%2Fv2%2Factivites&post=6748"}],"curies":[{"name":"wp","href":"https:\/\/api.w.org\/{rel}","templated":true}]}}