{"id":3728,"date":"2019-08-28T08:08:16","date_gmt":"2019-08-28T06:08:16","guid":{"rendered":"https:\/\/ateliersdemenilmontant.org\/WP\/?page_id=3728"},"modified":"2023-09-03T17:09:35","modified_gmt":"2023-09-03T15:09:35","slug":"presse","status":"publish","type":"page","link":"https:\/\/ateliersdemenilmontant.org\/?page_id=3728","title":{"rendered":"presse"},"content":{"rendered":"","protected":false},"excerpt":{"rendered":"","protected":false},"author":1,"featured_media":0,"parent":0,"menu_order":0,"comment_status":"closed","ping_status":"closed","template":"","meta":{"advgb_blocks_editor_width":"","advgb_blocks_columns_visual_guide":"","footnotes":""},"activites":[],"acf":{"relation_location":""},"coauthors":[],"author_meta":{"author_link":"https:\/\/ateliersdemenilmontant.org\/?author=1","display_name":"AdMwp1"},"relative_dates":{"created":"Publi\u00e9 7 ans il y a","modified":"Mis \u00e0 jour 3 ans il y a"},"absolute_dates":{"created":"Publi\u00e9 le 28 ao\u00fbt 2019","modified":"Mise \u00e0 jour le 3 septembre 2023"},"absolute_dates_time":{"created":"Publi\u00e9 le 28 ao\u00fbt 2019 8 h 08 min","modified":"Mise \u00e0 jour le 3 septembre 2023 17 h 09 min"},"featured_img_caption":"","featured_img":false,"series_order":"","_links":{"self":[{"href":"https:\/\/ateliersdemenilmontant.org\/index.php?rest_route=\/wp\/v2\/pages\/3728"}],"collection":[{"href":"https:\/\/ateliersdemenilmontant.org\/index.php?rest_route=\/wp\/v2\/pages"}],"about":[{"href":"https:\/\/ateliersdemenilmontant.org\/index.php?rest_route=\/wp\/v2\/types\/page"}],"author":[{"embeddable":true,"href":"https:\/\/ateliersdemenilmontant.org\/index.php?rest_route=\/wp\/v2\/users\/1"}],"replies":[{"embeddable":true,"href":"https:\/\/ateliersdemenilmontant.org\/index.php?rest_route=%2Fwp%2Fv2%2Fcomments&post=3728"}],"version-history":[{"count":14,"href":"https:\/\/ateliersdemenilmontant.org\/index.php?rest_route=\/wp\/v2\/pages\/3728\/revisions"}],"predecessor-version":[{"id":8051,"href":"https:\/\/ateliersdemenilmontant.org\/index.php?rest_route=\/wp\/v2\/pages\/3728\/revisions\/8051"}],"wp:attachment":[{"href":"https:\/\/ateliersdemenilmontant.org\/index.php?rest_route=%2Fwp%2Fv2%2Fmedia&parent=3728"}],"wp:term":[{"taxonomy":"activites","embeddable":true,"href":"https:\/\/ateliersdemenilmontant.org\/index.php?rest_route=%2Fwp%2Fv2%2Factivites&post=3728"}],"curies":[{"name":"wp","href":"https:\/\/api.w.org\/{rel}","templated":true}]}}