{"id":3580,"date":"2019-08-19T09:18:10","date_gmt":"2019-08-19T07:18:10","guid":{"rendered":"https:\/\/ateliersdemenilmontant.org\/WP\/?page_id=3580"},"modified":"2019-10-21T20:18:43","modified_gmt":"2019-10-21T18:18:43","slug":"les-videos","status":"publish","type":"page","link":"https:\/\/ateliersdemenilmontant.org\/?page_id=3580","title":{"rendered":"Les vid\u00e9os"},"content":{"rendered":"","protected":false},"excerpt":{"rendered":"","protected":false},"author":1,"featured_media":0,"parent":0,"menu_order":0,"comment_status":"closed","ping_status":"closed","template":"","meta":{"advgb_blocks_editor_width":"","advgb_blocks_columns_visual_guide":"","footnotes":""},"activites":[],"acf":{"relation_location":null},"coauthors":[],"author_meta":{"author_link":"https:\/\/ateliersdemenilmontant.org\/?author=1","display_name":"AdMwp1"},"relative_dates":{"created":"Publi\u00e9 7 ans il y a","modified":"Mis \u00e0 jour 7 ans il y a"},"absolute_dates":{"created":"Publi\u00e9 le 19 ao\u00fbt 2019","modified":"Mise \u00e0 jour le 21 octobre 2019"},"absolute_dates_time":{"created":"Publi\u00e9 le 19 ao\u00fbt 2019 9 h 18 min","modified":"Mise \u00e0 jour le 21 octobre 2019 20 h 18 min"},"featured_img_caption":"","featured_img":false,"series_order":"","_links":{"self":[{"href":"https:\/\/ateliersdemenilmontant.org\/index.php?rest_route=\/wp\/v2\/pages\/3580"}],"collection":[{"href":"https:\/\/ateliersdemenilmontant.org\/index.php?rest_route=\/wp\/v2\/pages"}],"about":[{"href":"https:\/\/ateliersdemenilmontant.org\/index.php?rest_route=\/wp\/v2\/types\/page"}],"author":[{"embeddable":true,"href":"https:\/\/ateliersdemenilmontant.org\/index.php?rest_route=\/wp\/v2\/users\/1"}],"replies":[{"embeddable":true,"href":"https:\/\/ateliersdemenilmontant.org\/index.php?rest_route=%2Fwp%2Fv2%2Fcomments&post=3580"}],"version-history":[{"count":6,"href":"https:\/\/ateliersdemenilmontant.org\/index.php?rest_route=\/wp\/v2\/pages\/3580\/revisions"}],"predecessor-version":[{"id":3593,"href":"https:\/\/ateliersdemenilmontant.org\/index.php?rest_route=\/wp\/v2\/pages\/3580\/revisions\/3593"}],"wp:attachment":[{"href":"https:\/\/ateliersdemenilmontant.org\/index.php?rest_route=%2Fwp%2Fv2%2Fmedia&parent=3580"}],"wp:term":[{"taxonomy":"activites","embeddable":true,"href":"https:\/\/ateliersdemenilmontant.org\/index.php?rest_route=%2Fwp%2Fv2%2Factivites&post=3580"}],"curies":[{"name":"wp","href":"https:\/\/api.w.org\/{rel}","templated":true}]}}