{"id":3107,"date":"2025-12-31T23:23:44","date_gmt":"2025-12-31T22:23:44","guid":{"rendered":"https:\/\/ateliersdemenilmontant.org\/WP\/?page_id=3107"},"modified":"2026-01-01T10:50:55","modified_gmt":"2026-01-01T09:50:55","slug":"adhesion","status":"publish","type":"page","link":"https:\/\/ateliersdemenilmontant.org\/?page_id=3107","title":{"rendered":"Adh\u00e9sion"},"content":{"rendered":"\n<div class=\"wp-block-columns is-layout-flex wp-container-core-columns-is-layout-1 wp-block-columns-is-layout-flex\">\n<div class=\"wp-block-column is-layout-flow wp-block-column-is-layout-flow\">\n<p class=\"ox-423cc7b622-elementToProof\">Chers adh\u00e9rents, chers artistes,<\/p>\n<p class=\"ox-423cc7b622-elementToProof\">L'heure est venue de renouveler votre adh\u00e9sion pour 2026. Nous remercions vivement tous les artistes adh\u00e9rents qui se sont mobilis\u00e9s pour mener \u00e0 bien divers projets artistiques.<\/p>\n<p class=\"ox-423cc7b622-elementToProof\">Depuis 2022, l'adh\u00e9sion se fait en ann\u00e9e civile c'est \u00e0 dire de janvier \u00e0 d\u00e9cembre, et non plus de date \u00e0 date comme pr\u00e9c\u00e9demment. Nous vous invitons \u00e0 adh\u00e9rer rapidement, ce qui permettra \u00e0 l'association de pouvoir compter sur votre soutien financier. Merci aux adh\u00e9rents de renouveler leur adh\u00e9sion pour <strong>2026.<\/strong><\/p>\n<p class=\"ox-423cc7b622-elementToProof\">L'adh\u00e9sion individuelle sera pour tous en 2026 d'un montant de<b> 30\u20ac<\/b>, l'adh\u00e9sion pour un groupe ou un collectif est de 90\u20ac (les artistes du groupe ne pourront pas participer aux expositions collectives, sauf si ils adh\u00e8rent individuellement aux ADM)..<\/p>\n<p class=\"ox-423cc7b622-elementToProof\">Pour adh\u00e9rer ou renouveler votre adh\u00e9sion, il vous suffira de <strong>remplir le <a href=\"https:\/\/docs.google.com\/forms\/d\/e\/1FAIpQLSc38lpC9NpNavaQaUDqQvUb9YY0lKf7muwbQ4wOamDqIxKE4w\/viewform?usp=header\" target=\"_blank\" rel=\"noopener\"><span style=\"color: #ff0000;\">formulaire d'adh\u00e9sion<\/span><\/a><\/strong><a href=\"_wp_link_placeholder\"><span style=\"color: #ff0000;\"> .<\/span><\/a><\/p>\n<h6 class=\"ox-423cc7b622-elementToProof\"><strong>Du nouveau aux ADM, deux modalit\u00e9s de paiement !<\/strong><\/h6>\n<p id=\"\">Nous vous offrons cette ann\u00e9e&nbsp; la possibilit\u00e9 de r\u00e9gler <strong>par virement sur \"Hello Asso\",&nbsp;&nbsp;<\/strong>vous&nbsp;recevrez un mail de confirmation, apr\u00e8s r\u00e8glement.<\/p>\n<p class=\"ox-423cc7b622-elementToProof\">Le r\u00e8glement par ch\u00e8que est toujours valide, par envoi d'un <b>ch\u00e8que de 30\u20ac au tr\u00e9sorier de l'association,<\/b>&nbsp;<strong>\u00e0 l'ordre des&nbsp;Artistes de M\u00e9nilmontant,<\/strong> 8 rue Boyer 75020 Paris. Nous attendrons la r\u00e9ception de ce ch\u00e8que pour valider votre adh\u00e9sion (si vous souhaitez une attestation, joignez une enveloppe timbr\u00e9e \u00e0 votre adresse)<\/p>\n<p class=\"p5\">&nbsp;<\/p>\n<p class=\"p5\">&nbsp;<\/p>\n<\/div>\n\n\n\n<div class=\"wp-block-column is-layout-flow wp-block-column-is-layout-flow\">\n<p class=\"p1\"><span class=\"s1\"><b>Petit rappel, adh\u00e9rer aux ADM, c'est :<\/b><\/span><\/p>\n<p class=\"p1\">\u2022 Entrer en contact et \u00e9changer avec d'autres artistes<\/p>\n<p>\u2022 Pouvoir participer aux diff\u00e9rentes expositions collectives \u00e0 la Galerie M\u00e9nil'8 : expo bois f\u00e9vrier, dessin en mars, printemps des po\u00e8tes mars avril, expo le mois de l'Estampe en mai, expo M\u00e9nil'photo en&nbsp; novembre, P.O en septembre, Petits formats en d\u00e9cembre, avec participations financi\u00e8res suivant les expositions ; la participation financi\u00e8re pour les P.O. est importante (environ 60\u20ac), pour les autres, \u00e0 partir de 10 \u20ac.<\/p>\n<p>\u2022 R\u00e9pondre aux appels \u00e0 projets des ADM et\/ou des adh\u00e9rents<\/p>\n<p>\u2022 Proposer son projet et le proposer aux adh\u00e9rents<\/p>\n<p class=\"p1\">Ci-dessous une liste de projets collectifs d\u00e9j\u00e0 r\u00e9alis\u00e9s : Mon livre pr\u00e9f\u00e9r\u00e9 (2020...2023), 150 ans de la Commune de Paris, Carr\u00e9 Baudouin (2021), Le Bois dans tous ses Etats (2022), Volumes (2023).<\/p>\n<p class=\"p1\">En devenir, nous pourrions proposer, par exemple : les Dix jours de l'Aquarelle, Sculpture vivante.<\/p>\n<p class=\"p1\">Adh\u00e9rez aux ADM c'est continuer \u00e0 cr\u00e9er !<span class=\"Apple-converted-space\">&nbsp;<\/span><\/p>\n<p><strong>Pour tout probl\u00e8me rencontr\u00e9 lors de votre inscription, <\/strong><\/p>\n<p>Nous \u00e9crire<\/p>\n<\/div>\n<\/div>\n\n\n\n<p class=\"advgb-dyn-f56bc200\">\u00a0<\/p>\n<h4><strong>\u00a0 \u00a0 \u00a0<\/strong><br \/><br \/><\/h4>\n","protected":false},"excerpt":{"rendered":"<p>Chers adh\u00e9rents, chers artistes, L'heure est venue de renouveler votre adh\u00e9sion pour 2026. Nous remercions vivement tous les artistes adh\u00e9rents qui se sont mobilis\u00e9s pour mener \u00e0 bien divers projets artistiques. Depuis 2022, l'adh\u00e9sion se fait en ann\u00e9e civile c'est \u00e0 dire de janvier \u00e0 d\u00e9cembre, et non plus de date \u00e0 date comme pr\u00e9c\u00e9demment. [&hellip;]<\/p>\n","protected":false},"author":269,"featured_media":0,"parent":0,"menu_order":0,"comment_status":"closed","ping_status":"closed","template":"","meta":{"advgb_blocks_editor_width":"","advgb_blocks_columns_visual_guide":"","footnotes":""},"activites":[],"acf":{"relation_location":""},"coauthors":[],"author_meta":{"author_link":"https:\/\/ateliersdemenilmontant.org\/?author=269","display_name":"Louis TRANCHINSU"},"relative_dates":{"created":"Publi\u00e9 3 mois il y a","modified":"Mis \u00e0 jour 3 mois il y a"},"absolute_dates":{"created":"Publi\u00e9 le 31 d\u00e9cembre 2025","modified":"Mise \u00e0 jour le 1 janvier 2026"},"absolute_dates_time":{"created":"Publi\u00e9 le 31 d\u00e9cembre 2025 23 h 23 min","modified":"Mise \u00e0 jour le 1 janvier 2026 10 h 50 min"},"featured_img_caption":"","featured_img":false,"series_order":"","_links":{"self":[{"href":"https:\/\/ateliersdemenilmontant.org\/index.php?rest_route=\/wp\/v2\/pages\/3107"}],"collection":[{"href":"https:\/\/ateliersdemenilmontant.org\/index.php?rest_route=\/wp\/v2\/pages"}],"about":[{"href":"https:\/\/ateliersdemenilmontant.org\/index.php?rest_route=\/wp\/v2\/types\/page"}],"author":[{"embeddable":true,"href":"https:\/\/ateliersdemenilmontant.org\/index.php?rest_route=\/wp\/v2\/users\/269"}],"replies":[{"embeddable":true,"href":"https:\/\/ateliersdemenilmontant.org\/index.php?rest_route=%2Fwp%2Fv2%2Fcomments&post=3107"}],"version-history":[{"count":89,"href":"https:\/\/ateliersdemenilmontant.org\/index.php?rest_route=\/wp\/v2\/pages\/3107\/revisions"}],"predecessor-version":[{"id":12634,"href":"https:\/\/ateliersdemenilmontant.org\/index.php?rest_route=\/wp\/v2\/pages\/3107\/revisions\/12634"}],"wp:attachment":[{"href":"https:\/\/ateliersdemenilmontant.org\/index.php?rest_route=%2Fwp%2Fv2%2Fmedia&parent=3107"}],"wp:term":[{"taxonomy":"activites","embeddable":true,"href":"https:\/\/ateliersdemenilmontant.org\/index.php?rest_route=%2Fwp%2Fv2%2Factivites&post=3107"}],"curies":[{"name":"wp","href":"https:\/\/api.w.org\/{rel}","templated":true}]}}