{"id":2826,"date":"2019-03-10T11:41:04","date_gmt":"2019-03-10T10:41:04","guid":{"rendered":"https:\/\/ateliersdemenilmontant.org\/WP\/?page_id=2826"},"modified":"2023-09-14T10:25:51","modified_gmt":"2023-09-14T08:25:51","slug":"partenaires","status":"publish","type":"page","link":"https:\/\/ateliersdemenilmontant.org\/?page_id=2826","title":{"rendered":"partenaires"},"content":{"rendered":"","protected":false},"excerpt":{"rendered":"","protected":false},"author":1,"featured_media":0,"parent":0,"menu_order":0,"comment_status":"closed","ping_status":"closed","template":"","meta":{"advgb_blocks_editor_width":"","advgb_blocks_columns_visual_guide":"","footnotes":""},"activites":[],"acf":{"relation_location":""},"coauthors":[],"author_meta":{"author_link":"https:\/\/ateliersdemenilmontant.org\/?author=1","display_name":"AdMwp1"},"relative_dates":{"created":"Publi\u00e9 7 ans il y a","modified":"Mis \u00e0 jour 3 ans il y a"},"absolute_dates":{"created":"Publi\u00e9 le 10 mars 2019","modified":"Mise \u00e0 jour le 14 septembre 2023"},"absolute_dates_time":{"created":"Publi\u00e9 le 10 mars 2019 11 h 41 min","modified":"Mise \u00e0 jour le 14 septembre 2023 10 h 25 min"},"featured_img_caption":"","featured_img":false,"series_order":"","_links":{"self":[{"href":"https:\/\/ateliersdemenilmontant.org\/index.php?rest_route=\/wp\/v2\/pages\/2826"}],"collection":[{"href":"https:\/\/ateliersdemenilmontant.org\/index.php?rest_route=\/wp\/v2\/pages"}],"about":[{"href":"https:\/\/ateliersdemenilmontant.org\/index.php?rest_route=\/wp\/v2\/types\/page"}],"author":[{"embeddable":true,"href":"https:\/\/ateliersdemenilmontant.org\/index.php?rest_route=\/wp\/v2\/users\/1"}],"replies":[{"embeddable":true,"href":"https:\/\/ateliersdemenilmontant.org\/index.php?rest_route=%2Fwp%2Fv2%2Fcomments&post=2826"}],"version-history":[{"count":8,"href":"https:\/\/ateliersdemenilmontant.org\/index.php?rest_route=\/wp\/v2\/pages\/2826\/revisions"}],"predecessor-version":[{"id":8088,"href":"https:\/\/ateliersdemenilmontant.org\/index.php?rest_route=\/wp\/v2\/pages\/2826\/revisions\/8088"}],"wp:attachment":[{"href":"https:\/\/ateliersdemenilmontant.org\/index.php?rest_route=%2Fwp%2Fv2%2Fmedia&parent=2826"}],"wp:term":[{"taxonomy":"activites","embeddable":true,"href":"https:\/\/ateliersdemenilmontant.org\/index.php?rest_route=%2Fwp%2Fv2%2Factivites&post=2826"}],"curies":[{"name":"wp","href":"https:\/\/api.w.org\/{rel}","templated":true}]}}